{"id":2,"date":"2021-06-21T11:22:26","date_gmt":"2021-06-21T09:22:26","guid":{"rendered":"https:\/\/lesondeletre.com\/soleil_interieur\/?page_id=2"},"modified":"2024-01-08T11:52:57","modified_gmt":"2024-01-08T10:52:57","slug":"page-d-exemple","status":"publish","type":"page","link":"https:\/\/lesondeletre.com\/soleil_interieur\/","title":{"rendered":"Le Pouvoir Gu\u00e9risseur des Sons"},"content":{"rendered":"\n<div class=\"wp-block-columns is-layout-flex wp-container-core-columns-is-layout-9d6595d7 wp-block-columns-is-layout-flex\">\n<div class=\"wp-block-column is-layout-flow wp-block-column-is-layout-flow\" style=\"flex-basis:100%\"><\/div>\n<\/div>\n\n\n\n<div class=\"wp-block-columns is-layout-flex wp-container-core-columns-is-layout-9d6595d7 wp-block-columns-is-layout-flex\">\n<div class=\"wp-block-column is-layout-flow wp-block-column-is-layout-flow\" style=\"flex-basis:66.66%\">\n<p class=\"has-drop-cap\">Les vibrations des sons des bols de cristal et tib\u00e9tains, voix, gong, tambour\u2026 bousculent notre structure \u00e9nerg\u00e9tique par r\u00e9sonance avec les ondes \u00e9mises, \u00ab\u00a0d\u00e9cristallisent\u00a0\u00bb les blocages, et \u00ab\u00a0r\u00e9initialisent\u00a0\u00bb notre corps. Un profond nettoyage cellulaire est effectu\u00e9 et une grande paix int\u00e9rieure ressentie.<\/p>\n<\/div>\n\n\n\n<div class=\"wp-block-column is-layout-flow wp-block-column-is-layout-flow\" style=\"flex-basis:33.33%\">\n<figure class=\"wp-block-image size-full is-style-default\"><img loading=\"lazy\" decoding=\"async\" width=\"258\" height=\"255\" src=\"https:\/\/lesondeletre.com\/soleil_interieur\/wp-content\/uploads\/2021\/07\/gong.png\" alt=\"\" class=\"wp-image-206\"\/><\/figure>\n<\/div>\n<\/div>\n\n\n\n<div class=\"wp-block-button alignleft\"><a class=\"wp-block-button__link has-white-color has-text-color has-background\" href=\"https:\/\/www.youtube.com\/channel\/UCIuzxZRq8lXXLDFP6qILqvQ\" style=\"background-color:#470242\" target=\"_blank\" rel=\"noreferrer noopener\">Cha\u00eene Youtube<\/a><br><a href=\"https:\/\/www.youtube.com\/channel\/UCIuzxZRq8lXXLDFP6qILqvQ\" target=\"_blank\" rel=\"noopener\"><img decoding=\"async\" style=\"padding-top: 20px;\" width=\"300\" src=\"https:\/\/lesondeletre.com\/soleil_interieur\/wp-content\/uploads\/2023\/12\/chaine_youtube.jpg\" \/><\/a><\/div>\n","protected":false},"excerpt":{"rendered":"<p>Le Pouvoir Gu\u00e9risseur des Sons<\/p>\n","protected":false},"author":1,"featured_media":0,"parent":0,"menu_order":0,"comment_status":"closed","ping_status":"open","template":"","meta":{"footnotes":""},"class_list":["post-2","page","type-page","status-publish","hentry"],"_links":{"self":[{"href":"https:\/\/lesondeletre.com\/soleil_interieur\/index.php\/wp-json\/wp\/v2\/pages\/2","targetHints":{"allow":["GET"]}}],"collection":[{"href":"https:\/\/lesondeletre.com\/soleil_interieur\/index.php\/wp-json\/wp\/v2\/pages"}],"about":[{"href":"https:\/\/lesondeletre.com\/soleil_interieur\/index.php\/wp-json\/wp\/v2\/types\/page"}],"author":[{"embeddable":true,"href":"https:\/\/lesondeletre.com\/soleil_interieur\/index.php\/wp-json\/wp\/v2\/users\/1"}],"replies":[{"embeddable":true,"href":"https:\/\/lesondeletre.com\/soleil_interieur\/index.php\/wp-json\/wp\/v2\/comments?post=2"}],"version-history":[{"count":8,"href":"https:\/\/lesondeletre.com\/soleil_interieur\/index.php\/wp-json\/wp\/v2\/pages\/2\/revisions"}],"predecessor-version":[{"id":1582,"href":"https:\/\/lesondeletre.com\/soleil_interieur\/index.php\/wp-json\/wp\/v2\/pages\/2\/revisions\/1582"}],"wp:attachment":[{"href":"https:\/\/lesondeletre.com\/soleil_interieur\/index.php\/wp-json\/wp\/v2\/media?parent=2"}],"curies":[{"name":"wp","href":"https:\/\/api.w.org\/{rel}","templated":true}]}}